{"id":98,"date":"2025-12-29T13:50:57","date_gmt":"2025-12-29T13:50:57","guid":{"rendered":"https:\/\/persoonlijkfinancieeladvies.com\/?page_id=98"},"modified":"2026-01-07T11:35:08","modified_gmt":"2026-01-07T11:35:08","slug":"home","status":"publish","type":"page","link":"https:\/\/persoonlijkfinancieeladvies.com\/","title":{"rendered":"Home"},"content":{"rendered":"<nav class=\"is-responsive wp-block-navigation is-layout-flex wp-block-navigation-is-layout-flex\" aria-label=\"Navigation\" \n\t\t data-wp-interactive=\"core\/navigation\" data-wp-context='{\"overlayOpenedBy\":{\"click\":false,\"hover\":false,\"focus\":false},\"type\":\"overlay\",\"roleAttribute\":\"\",\"ariaLabel\":\"Menu\"}'><button aria-haspopup=\"dialog\" aria-label=\"Menu openen\" class=\"wp-block-navigation__responsive-container-open\" \n\t\t\t\tdata-wp-on--click=\"actions.openMenuOnClick\"\n\t\t\t\tdata-wp-on--keydown=\"actions.handleMenuKeydown\"\n\t\t\t><svg width=\"24\" height=\"24\" xmlns=\"http:\/\/www.w3.org\/2000\/svg\" viewBox=\"0 0 24 24\" aria-hidden=\"true\" focusable=\"false\"><path d=\"M4 7.5h16v1.5H4z\"><\/path><path d=\"M4 15h16v1.5H4z\"><\/path><\/svg><\/button>\n\t\t\t\t<div class=\"wp-block-navigation__responsive-container\"  id=\"modal-1\" \n\t\t\t\tdata-wp-class--has-modal-open=\"state.isMenuOpen\"\n\t\t\t\tdata-wp-class--is-menu-open=\"state.isMenuOpen\"\n\t\t\t\tdata-wp-watch=\"callbacks.initMenu\"\n\t\t\t\tdata-wp-on--keydown=\"actions.handleMenuKeydown\"\n\t\t\t\tdata-wp-on--focusout=\"actions.handleMenuFocusout\"\n\t\t\t\ttabindex=\"-1\"\n\t\t\t>\n\t\t\t\t\t<div class=\"wp-block-navigation__responsive-close\" tabindex=\"-1\">\n\t\t\t\t\t\t<div class=\"wp-block-navigation__responsive-dialog\" \n\t\t\t\tdata-wp-bind--aria-modal=\"state.ariaModal\"\n\t\t\t\tdata-wp-bind--aria-label=\"state.ariaLabel\"\n\t\t\t\tdata-wp-bind--role=\"state.roleAttribute\"\n\t\t\t>\n\t\t\t\t\t\t\t<button aria-label=\"Menu sluiten\" class=\"wp-block-navigation__responsive-container-close\" \n\t\t\t\tdata-wp-on--click=\"actions.closeMenuOnClick\"\n\t\t\t><svg xmlns=\"http:\/\/www.w3.org\/2000\/svg\" viewBox=\"0 0 24 24\" width=\"24\" height=\"24\" aria-hidden=\"true\" focusable=\"false\"><path d=\"m13.06 12 6.47-6.47-1.06-1.06L12 10.94 5.53 4.47 4.47 5.53 10.94 12l-6.47 6.47 1.06 1.06L12 13.06l6.47 6.47 1.06-1.06L13.06 12Z\"><\/path><\/svg><\/button>\n\t\t\t\t\t\t\t<div class=\"wp-block-navigation__responsive-container-content\" \n\t\t\t\tdata-wp-watch=\"callbacks.focusFirstElement\"\n\t\t\t id=\"modal-1-content\">\n\t\t\t\t\t\t\t\t<ul class=\"wp-block-navigation__container is-responsive wp-block-navigation\"><li class=\" wp-block-navigation-item wp-block-navigation-link\"><a class=\"wp-block-navigation-item__content\"  href=\"https:\/\/persoonlijkfinancieeladvies.com\"><span class=\"wp-block-navigation-item__label\">Home<\/span><\/a><\/li><li class=\" wp-block-navigation-item wp-block-navigation-link\"><a class=\"wp-block-navigation-item__content\"  href=\"https:\/\/persoonlijkfinancieeladvies.com\/index.php\/onze-dienstverlening\/%20%20\"><span class=\"wp-block-navigation-item__label\">Onze dienstverlening<\/span><\/a><\/li><li class=\" wp-block-navigation-item wp-block-navigation-link\"><a class=\"wp-block-navigation-item__content\"  href=\"https:\/\/persoonlijkfinancieeladvies.com\/index.php\/contact\/\"><span class=\"wp-block-navigation-item__label\">Neem contact op<\/span><\/a><\/li><\/ul>\n\t\t\t\t\t\t\t<\/div>\n\t\t\t\t\t\t<\/div>\n\t\t\t\t\t<\/div>\n\t\t\t\t<\/div><\/nav>\n\n\n<div class=\"wp-block-group alignfull is-style-section-1 has-global-padding is-layout-constrained wp-container-core-group-is-layout-cdf985e3 wp-block-group-is-layout-constrained is-style-section-1--2\" style=\"min-height:100vh;margin-top:0;margin-bottom:0;padding-top:var(--wp--preset--spacing--80);padding-right:var(--wp--preset--spacing--80);padding-bottom:var(--wp--preset--spacing--80);padding-left:var(--wp--preset--spacing--80)\">\n<figure class=\"wp-block-image size-large\"><img loading=\"lazy\" decoding=\"async\" width=\"1024\" height=\"622\" src=\"https:\/\/persoonlijkfinancieeladvies.com\/wp-content\/uploads\/2025\/12\/PFA-logo-x2-notagline-1024x622.png\" alt=\"\" class=\"wp-image-54\" srcset=\"https:\/\/persoonlijkfinancieeladvies.com\/wp-content\/uploads\/2025\/12\/PFA-logo-x2-notagline-1024x622.png 1024w, https:\/\/persoonlijkfinancieeladvies.com\/wp-content\/uploads\/2025\/12\/PFA-logo-x2-notagline-300x182.png 300w, https:\/\/persoonlijkfinancieeladvies.com\/wp-content\/uploads\/2025\/12\/PFA-logo-x2-notagline-768x467.png 768w, https:\/\/persoonlijkfinancieeladvies.com\/wp-content\/uploads\/2025\/12\/PFA-logo-x2-notagline-1536x933.png 1536w, https:\/\/persoonlijkfinancieeladvies.com\/wp-content\/uploads\/2025\/12\/PFA-logo-x2-notagline-2048x1245.png 2048w\" sizes=\"auto, (max-width: 1024px) 100vw, 1024px\" \/><\/figure>\n\n\n\n<p class=\"is-style-default has-large-font-size\">Bij PFA geloven we dat een sterke financi\u00eble toekomst niet in \u00e9\u00e9n keer ontstaat, maar stap voor stap wordt opgebouwd. Daarom helpen we je om vandaag de juiste keuzes te maken voor morgen. Met persoonlijk financieel advies en toegankelijke doorlopende financi\u00eble educatie begeleiden we je naar blijvende financi\u00eble vooruitgang.<\/p>\n\n\n\n<p><\/p>\n\n\n\n<h2 class=\"wp-block-heading has-small-font-size\"><a href=\"https:\/\/persoonlijkfinancieeladvies.com\/index.php\/contact\/\" data-type=\"link\" data-id=\"https:\/\/persoonlijkfinancieeladvies.com\/index.php\/contact\/\">Ontdek wat PFA voor jou kan betekenen &#8211; Plan een vrijblijvend kennismakingsgesprek.<\/a><\/h2>\n<\/div>\n\n\n\n<div class=\"wp-block-group has-medium-font-size is-vertical is-layout-flex wp-container-core-group-is-layout-fe9cc265 wp-block-group-is-layout-flex\">\n<p class=\"has-small-font-size\" style=\"line-height:0\">PFA B.V.                                                                                                                                                 <\/p>\n\n\n\n<p class=\"has-small-font-size\" style=\"line-height:0\">John Blankensteinstraat 41D   <\/p>\n\n\n\n<p class=\"has-small-font-size\" style=\"line-height:0\">1095 MB Amsterdam        <\/p>\n\n\n\n<p class=\"has-small-font-size\" style=\"line-height:0\">info@persoonlijkfinancieeladvies.com<\/p>\n<\/div>\n\n\n\n<p class=\"has-medium-font-size\"><\/p>\n","protected":false},"excerpt":{"rendered":"<p>Bij PFA geloven we dat een sterke financi\u00eble toekomst niet in \u00e9\u00e9n keer ontstaat, maar stap voor stap wordt opgebouwd. Daarom helpen we je om vandaag de juiste keuzes te maken voor morgen. Met persoonlijk financieel advies en toegankelijke doorlopende financi\u00eble educatie begeleiden we je naar blijvende financi\u00eble vooruitgang. Ontdek wat PFA voor jou kan [&hellip;]<\/p>\n","protected":false},"author":1,"featured_media":0,"parent":0,"menu_order":0,"comment_status":"closed","ping_status":"closed","template":"","meta":{"footnotes":""},"class_list":["post-98","page","type-page","status-publish","hentry"],"_links":{"self":[{"href":"https:\/\/persoonlijkfinancieeladvies.com\/index.php\/wp-json\/wp\/v2\/pages\/98","targetHints":{"allow":["GET"]}}],"collection":[{"href":"https:\/\/persoonlijkfinancieeladvies.com\/index.php\/wp-json\/wp\/v2\/pages"}],"about":[{"href":"https:\/\/persoonlijkfinancieeladvies.com\/index.php\/wp-json\/wp\/v2\/types\/page"}],"author":[{"embeddable":true,"href":"https:\/\/persoonlijkfinancieeladvies.com\/index.php\/wp-json\/wp\/v2\/users\/1"}],"replies":[{"embeddable":true,"href":"https:\/\/persoonlijkfinancieeladvies.com\/index.php\/wp-json\/wp\/v2\/comments?post=98"}],"version-history":[{"count":21,"href":"https:\/\/persoonlijkfinancieeladvies.com\/index.php\/wp-json\/wp\/v2\/pages\/98\/revisions"}],"predecessor-version":[{"id":224,"href":"https:\/\/persoonlijkfinancieeladvies.com\/index.php\/wp-json\/wp\/v2\/pages\/98\/revisions\/224"}],"wp:attachment":[{"href":"https:\/\/persoonlijkfinancieeladvies.com\/index.php\/wp-json\/wp\/v2\/media?parent=98"}],"curies":[{"name":"wp","href":"https:\/\/api.w.org\/{rel}","templated":true}]}}